{"id":215,"date":"2024-12-01T08:41:48","date_gmt":"2024-12-01T08:41:48","guid":{"rendered":"https:\/\/storegamertcgboy.com\/?post_type=product&#038;p=215"},"modified":"2024-12-01T08:51:03","modified_gmt":"2024-12-01T08:51:03","slug":"scarlet-violet-stellar-crown-pack","status":"publish","type":"product","link":"https:\/\/storegamertcgboy.com\/?product=scarlet-violet-stellar-crown-pack","title":{"rendered":"Scarlet &#038; Violet\u2014Stellar Crown Pack"},"content":{"rendered":"<p><span style=\"vertical-align: inherit;\"><span style=\"vertical-align: inherit;\">In\u00a0 <\/span><\/span><em><span style=\"vertical-align: inherit;\"><span style=\"vertical-align: inherit;\">Scarlet &amp; Violet\u2014Stellar Crown<\/span><\/span><\/em><span style=\"vertical-align: inherit;\"><span style=\"vertical-align: inherit;\"> , players will be able to immerse themselves in the Terastal phenomenon, first seen in the\u00a0 <\/span><\/span><em><span style=\"vertical-align: inherit;\"><span style=\"vertical-align: inherit;\">Pok\u00e9mon Scarlet<\/span><\/span><\/em><span style=\"vertical-align: inherit;\"><span style=\"vertical-align: inherit;\"> \u00a0and\u00a0 <\/span><\/span><em><span style=\"vertical-align: inherit;\"><span style=\"vertical-align: inherit;\">Pok\u00e9mon Violet<\/span><\/span><\/em><span style=\"vertical-align: inherit;\"><span style=\"vertical-align: inherit;\"> \u00a0video games, with the introduction of Stellar Tera Pok\u00e9mon ex to the Pok\u00e9mon TCG. Each Stellar Tera Pok\u00e9mon ex will have a special stellar attack with names inspired by various gemstones, which will cost three different types of Energy to use. In addition, the upcoming expansion also features unique illustrations highlighting the brilliant crystalline qualities of the Stellar Tera Pok\u00e9mon ex.<\/span><\/span><\/p>\n","protected":false},"excerpt":{"rendered":"<p><span style=\"vertical-align: inherit;\"><span style=\"vertical-align: inherit;\">In\u00a0 <\/span><\/span><em><span style=\"vertical-align: inherit;\"><span style=\"vertical-align: inherit;\">Scarlet &amp; Violet\u2014Stellar Crown<\/span><\/span><\/em><span style=\"vertical-align: inherit;\"><span style=\"vertical-align: inherit;\"> , players can immerse themselves in the Terastal phenomenon, first seen in the\u00a0 <\/span><\/span><em><span style=\"vertical-align: inherit;\"><span style=\"vertical-align: inherit;\">Pok\u00e9mon Scarlet<\/span><\/span><\/em><span style=\"vertical-align: inherit;\"><span style=\"vertical-align: inherit;\"> \u00a0and\u00a0 <\/span><\/span><em><span style=\"vertical-align: inherit;\"><span style=\"vertical-align: inherit;\">Pok\u00e9mon Violet<\/span><\/span><\/em><span style=\"vertical-align: inherit;\"><span style=\"vertical-align: inherit;\"> \u00a0video games, with the introduction of Stellar Tera Pok\u00e9mon ex to the Pok\u00e9mon TCG. Each Stellar Tera Pok\u00e9mon ex has a special stellar attack with names inspired by various gemstones, which cost three different types of Energy to use. In addition, the expansion features unique illustrations highlighting the brilliant crystalline qualities of the Stellar Tera Pok\u00e9mon ex.<\/span><\/span><\/p>\n","protected":false},"featured_media":230,"comment_status":"open","ping_status":"closed","template":"","meta":[],"product_brand":[],"product_cat":[17,18,34],"product_tag":[],"class_list":{"0":"post-215","1":"product","2":"type-product","3":"status-publish","4":"has-post-thumbnail","6":"product_cat-pokemon","7":"product_cat-pokemon-tcg","8":"product_cat-signal-packs","10":"first","11":"instock","12":"sale","13":"purchasable","14":"product-type-simple"},"_links":{"self":[{"href":"https:\/\/storegamertcgboy.com\/index.php?rest_route=\/wp\/v2\/product\/215","targetHints":{"allow":["GET"]}}],"collection":[{"href":"https:\/\/storegamertcgboy.com\/index.php?rest_route=\/wp\/v2\/product"}],"about":[{"href":"https:\/\/storegamertcgboy.com\/index.php?rest_route=\/wp\/v2\/types\/product"}],"replies":[{"embeddable":true,"href":"https:\/\/storegamertcgboy.com\/index.php?rest_route=%2Fwp%2Fv2%2Fcomments&post=215"}],"wp:featuredmedia":[{"embeddable":true,"href":"https:\/\/storegamertcgboy.com\/index.php?rest_route=\/wp\/v2\/media\/230"}],"wp:attachment":[{"href":"https:\/\/storegamertcgboy.com\/index.php?rest_route=%2Fwp%2Fv2%2Fmedia&parent=215"}],"wp:term":[{"taxonomy":"product_brand","embeddable":true,"href":"https:\/\/storegamertcgboy.com\/index.php?rest_route=%2Fwp%2Fv2%2Fproduct_brand&post=215"},{"taxonomy":"product_cat","embeddable":true,"href":"https:\/\/storegamertcgboy.com\/index.php?rest_route=%2Fwp%2Fv2%2Fproduct_cat&post=215"},{"taxonomy":"product_tag","embeddable":true,"href":"https:\/\/storegamertcgboy.com\/index.php?rest_route=%2Fwp%2Fv2%2Fproduct_tag&post=215"}],"curies":[{"name":"wp","href":"https:\/\/api.w.org\/{rel}","templated":true}]}}