{"id":236,"date":"2024-12-01T08:50:32","date_gmt":"2024-12-01T08:50:32","guid":{"rendered":"https:\/\/storegamertcgboy.com\/?post_type=product&#038;p=236"},"modified":"2024-12-01T08:50:32","modified_gmt":"2024-12-01T08:50:32","slug":"scarlet-violet-twilight-masquerade-booster-pack","status":"publish","type":"product","link":"https:\/\/storegamertcgboy.com\/?product=scarlet-violet-twilight-masquerade-booster-pack","title":{"rendered":"Scarlet &#038; Violet: Twilight Masquerade &#8211; Booster Pack"},"content":{"rendered":"<p>A Festival of Mischief &amp; Mystery!<\/p>\n<p>Welcome to the land of Kitakami, where people and Pok\u00e9mon live harmoniously with nature. Folktales abound, but not all is as it seems&#8230; Uncover the mystery of the masked Legendary Pok\u00e9mon Ogerpon, appearing as four fearsome types of Tera Pok\u00e9mon ex, and team up with more newly discovered Pok\u00e9mon, like Bloodmoon Ursaluna ex and Sinistcha ex. Growing in power, Greninja, Dragapult, and Magcargo dazzle as Tera Pok\u00e9mon ex, and more ACE SPEC cards round out the festivities in the Pok\u00e9mon TCG: Scarlet &amp; Violet\u2014Twilight Masquerade expansion!<\/p>\n","protected":false},"excerpt":{"rendered":"<p>Twilight Masquerade will include:<\/p>\n<p>\u2022 Over 160 Cards<\/p>\n<p>\u2022 6 ACE SPEC rare Trainer and Special Energy cards<\/p>\n<p>\u2022 7 Pok\u00e9mon ex and 7 Tera Pok\u00e9mon ex<\/p>\n<p>\u2022 21 illustration rare Pok\u00e9mon<\/p>\n<p>\u2022 11 special illustration rare Pok\u00e9mon and Supporter cards<\/p>\n<p>\u2022 6 hyper rare gold etched cards<\/p>\n<p>\u2022 More than 30 Trainer cards<\/p>\n<p>Incude:<\/p>\n<p>\u2022 1 booster pack containing 10 random cards<\/p>\n","protected":false},"featured_media":221,"comment_status":"open","ping_status":"closed","template":"","meta":[],"product_brand":[],"product_cat":[17,18,34],"product_tag":[],"class_list":{"0":"post-236","1":"product","2":"type-product","3":"status-publish","4":"has-post-thumbnail","6":"product_cat-pokemon","7":"product_cat-pokemon-tcg","8":"product_cat-signal-packs","10":"first","11":"instock","12":"sale","13":"purchasable","14":"product-type-simple"},"_links":{"self":[{"href":"https:\/\/storegamertcgboy.com\/index.php?rest_route=\/wp\/v2\/product\/236","targetHints":{"allow":["GET"]}}],"collection":[{"href":"https:\/\/storegamertcgboy.com\/index.php?rest_route=\/wp\/v2\/product"}],"about":[{"href":"https:\/\/storegamertcgboy.com\/index.php?rest_route=\/wp\/v2\/types\/product"}],"replies":[{"embeddable":true,"href":"https:\/\/storegamertcgboy.com\/index.php?rest_route=%2Fwp%2Fv2%2Fcomments&post=236"}],"wp:featuredmedia":[{"embeddable":true,"href":"https:\/\/storegamertcgboy.com\/index.php?rest_route=\/wp\/v2\/media\/221"}],"wp:attachment":[{"href":"https:\/\/storegamertcgboy.com\/index.php?rest_route=%2Fwp%2Fv2%2Fmedia&parent=236"}],"wp:term":[{"taxonomy":"product_brand","embeddable":true,"href":"https:\/\/storegamertcgboy.com\/index.php?rest_route=%2Fwp%2Fv2%2Fproduct_brand&post=236"},{"taxonomy":"product_cat","embeddable":true,"href":"https:\/\/storegamertcgboy.com\/index.php?rest_route=%2Fwp%2Fv2%2Fproduct_cat&post=236"},{"taxonomy":"product_tag","embeddable":true,"href":"https:\/\/storegamertcgboy.com\/index.php?rest_route=%2Fwp%2Fv2%2Fproduct_tag&post=236"}],"curies":[{"name":"wp","href":"https:\/\/api.w.org\/{rel}","templated":true}]}}